{"id":38,"date":"2020-03-25T03:34:43","date_gmt":"2020-03-25T03:34:43","guid":{"rendered":"https:\/\/helpocharity.artureanec.com\/?page_id=38"},"modified":"2024-10-03T15:44:05","modified_gmt":"2024-10-03T15:44:05","slug":"actualite","status":"publish","type":"page","link":"https:\/\/ccci-bw.com\/index.php\/actualite\/","title":{"rendered":"Actualit\u00e9"},"content":{"rendered":"\t\t<div data-elementor-type=\"wp-page\" data-elementor-id=\"38\" class=\"elementor elementor-38\">\n\t\t\t\t\t\t\t\t\t<section class=\"elementor-section elementor-top-section elementor-element elementor-element-7a37a6ea elementor-section-stretched elementor-section-boxed elementor-section-height-default elementor-section-height-default\" data-id=\"7a37a6ea\" data-element_type=\"section\" data-settings=\"{&quot;stretch_section&quot;:&quot;section-stretched&quot;,&quot;_ha_eqh_enable&quot;:false}\">\n\t\t\t\t\t\t<div class=\"elementor-container elementor-column-gap-default\">\n\t\t\t\t\t<div class=\"elementor-column elementor-col-100 elementor-top-column elementor-element elementor-element-116b6bb2\" data-id=\"116b6bb2\" data-element_type=\"column\">\n\t\t\t<div class=\"elementor-widget-wrap elementor-element-populated\">\n\t\t\t\t\t\t\t\t<div class=\"elementor-element elementor-element-531619fc elementor-widget elementor-widget-helpo_stories\" data-id=\"531619fc\" data-element_type=\"widget\" data-widget_type=\"helpo_stories.default\">\n\t\t\t\t<div class=\"elementor-widget-container\">\n\t\t\t\n        <div class=\"helpo_stories_widget\">\n            <div class=\"helpo_stories_wrapper\">\n                <div class=\"row\">\n                    \n                        <div class=\"col-md-10 offset-md-1 col-lg-12 offset-lg-0\">\n                            <div class=\"stories-item\">\n                                <div class=\"row align-items-center \">\n                                    <div class=\"col-lg-6 col-xl-5 \">\n                                        <div class=\"img-box\">\n                                                                                            <img decoding=\"async\" class=\"img--layout\" src=\"https:\/\/ccci-bw.com\/wp-content\/plugins\/helpo-plugin\/img\/story_1-layout.png\" alt=\"Image Layout\" \/>\n                                                \n                                            <div class=\"img-box__img\">\n                                                <img decoding=\"async\" src=\"https:\/\/ccci-bw.com\/wp-content\/uploads\/2023\/02\/UKUZWANISM-AFFICHE-470x515.png\" alt=\"\" \/>\n                                            <\/div>\n                                        <\/div>\n                                    <\/div>\n\n                                    <div class=\"col-lg-6 col-xl-6 offset-xl-1\">\n                                        <div class=\"heading heading--primary\">\n                                                                                            <span class=\"heading__pre-title\">01<\/span>\n                                                \n                                            <h2 class=\"heading__title helpo_heading\">\n                                                TNPW                                            <\/h2>\n                                        <\/div>\n\n                                        <p class=\"helpo_excerpt\">Venez rencontrer la CCCI BW \u00e0 travers &quot;The New Panafrican World&quot; (TNPW), son incubateur num\u00e9rique itin\u00e9rant, con\u00e7u pour transformer le d\u00e9veloppement humain et \u00e9conomique des populations afrodescendantes et d\u00e9mocratiser l&#039;acc\u00e8s aux opportunit\u00e9s en luttant contre les in\u00e9galit\u00e9s gr\u00e2ce \u00e0 l&#039;UKUZWANA ECONOMY.<\/p>\n\n                                        <a class=\"helpo_button helpo_button--primary\" href=\"https:\/\/ccci-bw.com\/index.php\/stories\/tnpw\/\">En savoir plus <\/a>\n                                    <\/div>\n                                <\/div>\n                            <\/div>\n                        <\/div>\n                                        <\/div>\n            <\/div>\n\n                            <div class=\"helpo_pagination\">\n                                    <\/div>\n                        <\/div>\n        \t\t<\/div>\n\t\t\t\t<\/div>\n\t\t\t\t\t<\/div>\n\t\t<\/div>\n\t\t\t\t\t\t\t<\/div>\n\t\t<\/section>\n\t\t\t\t\t\t\t<\/div>\n\t\t","protected":false},"excerpt":{"rendered":"","protected":false},"author":1,"featured_media":2708,"parent":0,"menu_order":0,"comment_status":"closed","ping_status":"closed","template":"","meta":{"_eb_attr":""},"_links":{"self":[{"href":"https:\/\/ccci-bw.com\/index.php\/wp-json\/wp\/v2\/pages\/38"}],"collection":[{"href":"https:\/\/ccci-bw.com\/index.php\/wp-json\/wp\/v2\/pages"}],"about":[{"href":"https:\/\/ccci-bw.com\/index.php\/wp-json\/wp\/v2\/types\/page"}],"author":[{"embeddable":true,"href":"https:\/\/ccci-bw.com\/index.php\/wp-json\/wp\/v2\/users\/1"}],"replies":[{"embeddable":true,"href":"https:\/\/ccci-bw.com\/index.php\/wp-json\/wp\/v2\/comments?post=38"}],"version-history":[{"count":6,"href":"https:\/\/ccci-bw.com\/index.php\/wp-json\/wp\/v2\/pages\/38\/revisions"}],"predecessor-version":[{"id":3746,"href":"https:\/\/ccci-bw.com\/index.php\/wp-json\/wp\/v2\/pages\/38\/revisions\/3746"}],"wp:featuredmedia":[{"embeddable":true,"href":"https:\/\/ccci-bw.com\/index.php\/wp-json\/wp\/v2\/media\/2708"}],"wp:attachment":[{"href":"https:\/\/ccci-bw.com\/index.php\/wp-json\/wp\/v2\/media?parent=38"}],"curies":[{"name":"wp","href":"https:\/\/api.w.org\/{rel}","templated":true}]}}