{"id":32,"date":"2023-02-25T03:34:00","date_gmt":"2023-02-25T03:34:00","guid":{"rendered":"https:\/\/helpocharity.artureanec.com\/?page_id=32"},"modified":"2024-07-04T01:21:56","modified_gmt":"2024-07-04T01:21:56","slug":"events","status":"publish","type":"page","link":"https:\/\/ccci-bw.com\/index.php\/events\/","title":{"rendered":"Events"},"content":{"rendered":"\t\t<div data-elementor-type=\"wp-page\" data-elementor-id=\"32\" class=\"elementor elementor-32\">\n\t\t\t\t\t\t\t\t\t<section class=\"elementor-section elementor-top-section elementor-element elementor-element-721d812b elementor-section-stretched elementor-section-boxed elementor-section-height-default elementor-section-height-default\" data-id=\"721d812b\" data-element_type=\"section\" data-settings=\"{&quot;stretch_section&quot;:&quot;section-stretched&quot;,&quot;background_background&quot;:&quot;classic&quot;,&quot;_ha_eqh_enable&quot;:false}\" data-e-bg-lazyload=\".elementor-background-overlay\">\n\t\t\t\t\t\t\t<div class=\"elementor-background-overlay\"><\/div>\n\t\t\t\t\t\t\t<div class=\"elementor-container elementor-column-gap-default\">\n\t\t\t\t\t<div class=\"elementor-column elementor-col-100 elementor-top-column elementor-element elementor-element-4349f448\" data-id=\"4349f448\" data-element_type=\"column\">\n\t\t\t<div class=\"elementor-widget-wrap elementor-element-populated\">\n\t\t\t\t\t\t\t\t<div class=\"elementor-element elementor-element-7f04ce2 elementor-widget elementor-widget-helpo_events_listing\" data-id=\"7f04ce2\" data-element_type=\"widget\" data-widget_type=\"helpo_events_listing.default\">\n\t\t\t\t<div class=\"elementor-widget-container\">\n\t\t\t\n        <div class=\"helpo_events_listing_widget\">\n            <div class=\"helpo_events_listing_wrapper\">\n                <div class=\"row\">\n                    \n                        <div class=\"helpo_event_listing_item col-xl-10 offset-xl-1\">\n                            <div class=\"upcoming-item\">\n                                <div class=\"upcoming-item__date\">\n                                    <span>27<\/span>\n                                    <span>Aug, 23<\/span>\n                                <\/div>\n\n                                <div class=\"upcoming-item__body\">\n                                    <div class=\"row align-items-center\">\n                                        <div class=\"col-lg-5 col-xl-4\">\n                                            <div class=\"upcoming-item__img\">\n                                                <img decoding=\"async\" src=\"https:\/\/ccci-bw.com\/wp-content\/uploads\/2023\/02\/UKUZWANISM-AFFICHE-640x546.png\" alt=\"\" \/>\n                                            <\/div>\n                                        <\/div>\n\n                                        <div class=\"col-lg-7 col-xl-8\">\n                                            <div class=\"upcoming-item__description\">\n                                                <h6 class=\"upcoming-item__title\">\n                                                    <a href=\"https:\/\/ccci-bw.com\/index.php\/events\/tnpw-event\/\">TNPW<\/a>\n                                                <\/h6>\n\n                                                <p class=\"helpo_excerpt\">La CCCI BW va rencontrer son public\u00a0 \u00e0 travers l&#039;\u00e9v\u00e8nement qui sera d\u00e9sormais son \u00e9v\u00e8nement\u00a0 signature\u00a0 , The New Panafrican World (TNPW) : le premier incubateur \u00e9ph\u00e9m\u00e8re itin\u00e9r<\/p>\n\n                                                <div class=\"upcoming-item__details\">\n                                                                                                            <p class=\"helpo_event_date\">\n                                                            <svg class=\"icon\">\n                                                                <svg viewBox=\"0 0 488.878 488.878\" id=\"check-42483\" xmlns=\"http:\/\/www.w3.org\/2000\/svg\"><path d=\"M143.294 340.058l-92.457-92.456L0 298.439l122.009 122.008.14-.141 22.274 22.274L488.878 98.123l-51.823-51.825z\"\/><\/svg>\n                                                            <\/svg>\n                                                            3\/08\/2024 - 09:00 am                                                        <\/p>\n                                                                                                                <p class=\"helpo_event_time\">\n                                                            <svg class=\"icon\">\n                                                                <svg fill=\"none\" stroke-width=\"2\" stroke-linecap=\"round\" stroke-linejoin=\"round\" class=\"ahfeather ahfeather-clock\" viewBox=\"0 0 24 24\" id=\"clock-96494\" xmlns=\"http:\/\/www.w3.org\/2000\/svg\"><circle cx=\"12\" cy=\"12\" r=\"10\"\/><path d=\"M12 6v6l4 2\"\/><\/svg>\n                                                            <\/svg>\n                                                            09:00 AM - 23:00 PM                                                        <\/p>\n                                                                                                                <p class=\"helpo_event_address\">\n                                                            <svg class=\"icon\">\n                                                                <svg fill=\"none\" stroke-width=\"2\" stroke-linecap=\"round\" stroke-linejoin=\"round\" class=\"aufeather aufeather-map-pin\" viewBox=\"0 0 24 24\" id=\"placeholder-75687\" xmlns=\"http:\/\/www.w3.org\/2000\/svg\"><path d=\"M21 10c0 7-9 13-9 13s-9-6-9-13a9 9 0 0118 0z\"\/><circle cx=\"12\" cy=\"10\" r=\"3\"\/><\/svg>\n                                                            <\/svg>\n                                                            Paris                                                        <\/p>\n                                                                                                        <\/div>\n                                            <\/div>\n                                        <\/div>\n                                    <\/div>\n                                <\/div>\n                            <\/div>\n                        <\/div>\n                        \n                        <div class=\"helpo_event_listing_item col-xl-10 offset-xl-1\">\n                            <div class=\"upcoming-item\">\n                                <div class=\"upcoming-item__date\">\n                                    <span>04<\/span>\n                                    <span>Jul, 23<\/span>\n                                <\/div>\n\n                                <div class=\"upcoming-item__body\">\n                                    <div class=\"row align-items-center\">\n                                        <div class=\"col-lg-5 col-xl-4\">\n                                            <div class=\"upcoming-item__img\">\n                                                <img decoding=\"async\" src=\"https:\/\/ccci-bw.com\/wp-content\/uploads\/2023\/03\/gettyimages-891264822-640x546.jpg\" alt=\"\" \/>\n                                            <\/div>\n                                        <\/div>\n\n                                        <div class=\"col-lg-7 col-xl-8\">\n                                            <div class=\"upcoming-item__description\">\n                                                <h6 class=\"upcoming-item__title\">\n                                                    <a href=\"https:\/\/ccci-bw.com\/index.php\/events\/formation\/\">Formation<\/a>\n                                                <\/h6>\n\n                                                <p class=\"helpo_excerpt\">D\u00e9couvrez la liste des formations d\u00e9livr\u00e9es au sein de la CCCI BW <\/p>\n\n                                                <div class=\"upcoming-item__details\">\n                                                                                                            <p class=\"helpo_event_time\">\n                                                            <svg class=\"icon\">\n                                                                <svg fill=\"none\" stroke-width=\"2\" stroke-linecap=\"round\" stroke-linejoin=\"round\" class=\"ahfeather ahfeather-clock\" viewBox=\"0 0 24 24\" id=\"clock-11949\" xmlns=\"http:\/\/www.w3.org\/2000\/svg\"><circle cx=\"12\" cy=\"12\" r=\"10\"\/><path d=\"M12 6v6l4 2\"\/><\/svg>\n                                                            <\/svg>\n                                                             Everyday                                                        <\/p>\n                                                                                                        <\/div>\n                                            <\/div>\n                                        <\/div>\n                                    <\/div>\n                                <\/div>\n                            <\/div>\n                        <\/div>\n                        \n                        <div class=\"helpo_event_listing_item col-xl-10 offset-xl-1\">\n                            <div class=\"upcoming-item\">\n                                <div class=\"upcoming-item__date\">\n                                    <span>17<\/span>\n                                    <span>Feb, 23<\/span>\n                                <\/div>\n\n                                <div class=\"upcoming-item__body\">\n                                    <div class=\"row align-items-center\">\n                                        <div class=\"col-lg-5 col-xl-4\">\n                                            <div class=\"upcoming-item__img\">\n                                                <img decoding=\"async\" src=\"https:\/\/ccci-bw.com\/wp-content\/uploads\/2020\/04\/Intercon-la-societe-qui-forme-en-securite-640x546.jpg\" alt=\"\" \/>\n                                            <\/div>\n                                        <\/div>\n\n                                        <div class=\"col-lg-7 col-xl-8\">\n                                            <div class=\"upcoming-item__description\">\n                                                <h6 class=\"upcoming-item__title\">\n                                                    <a href=\"https:\/\/ccci-bw.com\/index.php\/events\/partenariat-et-reseaux-2\/\">Partenariat et r\u00e9seaux<\/a>\n                                                <\/h6>\n\n                                                <p class=\"helpo_excerpt\">Participez bient\u00f4t \u00e0 nos \u00e9v\u00e8nements , destin\u00e9s  \u00e0 la mise en relation <\/p>\n\n                                                <div class=\"upcoming-item__details\">\n                                                                                                            <p class=\"helpo_event_time\">\n                                                            <svg class=\"icon\">\n                                                                <svg fill=\"none\" stroke-width=\"2\" stroke-linecap=\"round\" stroke-linejoin=\"round\" class=\"ahfeather ahfeather-clock\" viewBox=\"0 0 24 24\" id=\"clock-24114\" xmlns=\"http:\/\/www.w3.org\/2000\/svg\"><circle cx=\"12\" cy=\"12\" r=\"10\"\/><path d=\"M12 6v6l4 2\"\/><\/svg>\n                                                            <\/svg>\n                                                            <strong>Coming soon<\/strong>                                                         <\/p>\n                                                                                                                <p class=\"helpo_event_address\">\n                                                            <svg class=\"icon\">\n                                                                <svg fill=\"none\" stroke-width=\"2\" stroke-linecap=\"round\" stroke-linejoin=\"round\" class=\"aufeather aufeather-map-pin\" viewBox=\"0 0 24 24\" id=\"placeholder-51184\" xmlns=\"http:\/\/www.w3.org\/2000\/svg\"><path d=\"M21 10c0 7-9 13-9 13s-9-6-9-13a9 9 0 0118 0z\"\/><circle cx=\"12\" cy=\"10\" r=\"3\"\/><\/svg>\n                                                            <\/svg>\n                                                            <strong> All<\/strong> countries                                                        <\/p>\n                                                                                                        <\/div>\n                                            <\/div>\n                                        <\/div>\n                                    <\/div>\n                                <\/div>\n                            <\/div>\n                        <\/div>\n                        \n                        <div class=\"helpo_event_listing_item col-xl-10 offset-xl-1\">\n                            <div class=\"upcoming-item\">\n                                <div class=\"upcoming-item__date\">\n                                    <span>17<\/span>\n                                    <span>Feb, 23<\/span>\n                                <\/div>\n\n                                <div class=\"upcoming-item__body\">\n                                    <div class=\"row align-items-center\">\n                                        <div class=\"col-lg-5 col-xl-4\">\n                                            <div class=\"upcoming-item__img\">\n                                                <img decoding=\"async\" src=\"https:\/\/ccci-bw.com\/wp-content\/uploads\/2020\/04\/TWITTER-2509-e1678757265746-640x546.png\" alt=\"\" \/>\n                                            <\/div>\n                                        <\/div>\n\n                                        <div class=\"col-lg-7 col-xl-8\">\n                                            <div class=\"upcoming-item__description\">\n                                                <h6 class=\"upcoming-item__title\">\n                                                    <a href=\"https:\/\/ccci-bw.com\/index.php\/events\/bike-racing-charity-event-2019-2\/\">S\u00e9minaire-Colloque-Salon<\/a>\n                                                <\/h6>\n\n                                                <p class=\"helpo_excerpt\">D\u00e9couvrez bient\u00f4t nos \u00e9v\u00e8nements internationaux <\/p>\n\n                                                <div class=\"upcoming-item__details\">\n                                                                                                            <p class=\"helpo_event_time\">\n                                                            <svg class=\"icon\">\n                                                                <svg fill=\"none\" stroke-width=\"2\" stroke-linecap=\"round\" stroke-linejoin=\"round\" class=\"ahfeather ahfeather-clock\" viewBox=\"0 0 24 24\" id=\"clock-46505\" xmlns=\"http:\/\/www.w3.org\/2000\/svg\"><circle cx=\"12\" cy=\"12\" r=\"10\"\/><path d=\"M12 6v6l4 2\"\/><\/svg>\n                                                            <\/svg>\n                                                            <strong>Coming soon <\/strong>                                                         <\/p>\n                                                                                                                <p class=\"helpo_event_address\">\n                                                            <svg class=\"icon\">\n                                                                <svg fill=\"none\" stroke-width=\"2\" stroke-linecap=\"round\" stroke-linejoin=\"round\" class=\"aufeather aufeather-map-pin\" viewBox=\"0 0 24 24\" id=\"placeholder-9175\" xmlns=\"http:\/\/www.w3.org\/2000\/svg\"><path d=\"M21 10c0 7-9 13-9 13s-9-6-9-13a9 9 0 0118 0z\"\/><circle cx=\"12\" cy=\"10\" r=\"3\"\/><\/svg>\n                                                            <\/svg>\n                                                            <strong>All <\/strong> countries                                                        <\/p>\n                                                                                                        <\/div>\n                                            <\/div>\n                                        <\/div>\n                                    <\/div>\n                                <\/div>\n                            <\/div>\n                        <\/div>\n                        \n                        <div class=\"helpo_event_listing_item col-xl-10 offset-xl-1\">\n                            <div class=\"upcoming-item\">\n                                <div class=\"upcoming-item__date\">\n                                    <span>17<\/span>\n                                    <span>Feb, 23<\/span>\n                                <\/div>\n\n                                <div class=\"upcoming-item__body\">\n                                    <div class=\"row align-items-center\">\n                                        <div class=\"col-lg-5 col-xl-4\">\n                                            <div class=\"upcoming-item__img\">\n                                                <img decoding=\"async\" src=\"https:\/\/ccci-bw.com\/wp-content\/uploads\/2020\/04\/train1-640x546.png\" alt=\"\" \/>\n                                            <\/div>\n                                        <\/div>\n\n                                        <div class=\"col-lg-7 col-xl-8\">\n                                            <div class=\"upcoming-item__description\">\n                                                <h6 class=\"upcoming-item__title\">\n                                                    <a href=\"https:\/\/ccci-bw.com\/index.php\/events\/the-big-sleep-out-2\/\">Organisez vos events<\/a>\n                                                <\/h6>\n\n                                                <p class=\"helpo_excerpt\">D\u00e9couvrez bient\u00f4t nos services d&#039;aide pour vos \u00e9vents marketing <\/p>\n\n                                                <div class=\"upcoming-item__details\">\n                                                                                                            <p class=\"helpo_event_time\">\n                                                            <svg class=\"icon\">\n                                                                <svg fill=\"none\" stroke-width=\"2\" stroke-linecap=\"round\" stroke-linejoin=\"round\" class=\"ahfeather ahfeather-clock\" viewBox=\"0 0 24 24\" id=\"clock-30150\" xmlns=\"http:\/\/www.w3.org\/2000\/svg\"><circle cx=\"12\" cy=\"12\" r=\"10\"\/><path d=\"M12 6v6l4 2\"\/><\/svg>\n                                                            <\/svg>\n                                                            <strong>Coming soon<\/strong>                                                        <\/p>\n                                                                                                                <p class=\"helpo_event_address\">\n                                                            <svg class=\"icon\">\n                                                                <svg fill=\"none\" stroke-width=\"2\" stroke-linecap=\"round\" stroke-linejoin=\"round\" class=\"aufeather aufeather-map-pin\" viewBox=\"0 0 24 24\" id=\"placeholder-84387\" xmlns=\"http:\/\/www.w3.org\/2000\/svg\"><path d=\"M21 10c0 7-9 13-9 13s-9-6-9-13a9 9 0 0118 0z\"\/><circle cx=\"12\" cy=\"10\" r=\"3\"\/><\/svg>\n                                                            <\/svg>\n                                                            <strong>All<\/strong> countries                                                        <\/p>\n                                                                                                        <\/div>\n                                            <\/div>\n                                        <\/div>\n                                    <\/div>\n                                <\/div>\n                            <\/div>\n                        <\/div>\n                                        <\/div>\n            <\/div>\n\n                            <div class=\"helpo_pagination\">\n                                    <\/div>\n                        <\/div>\n        \t\t<\/div>\n\t\t\t\t<\/div>\n\t\t\t\t\t<\/div>\n\t\t<\/div>\n\t\t\t\t\t\t\t<\/div>\n\t\t<\/section>\n\t\t\t\t\t\t\t<\/div>\n\t\t","protected":false},"excerpt":{"rendered":"","protected":false},"author":1,"featured_media":2727,"parent":0,"menu_order":0,"comment_status":"closed","ping_status":"closed","template":"","meta":{"_eb_attr":""},"_links":{"self":[{"href":"https:\/\/ccci-bw.com\/index.php\/wp-json\/wp\/v2\/pages\/32"}],"collection":[{"href":"https:\/\/ccci-bw.com\/index.php\/wp-json\/wp\/v2\/pages"}],"about":[{"href":"https:\/\/ccci-bw.com\/index.php\/wp-json\/wp\/v2\/types\/page"}],"author":[{"embeddable":true,"href":"https:\/\/ccci-bw.com\/index.php\/wp-json\/wp\/v2\/users\/1"}],"replies":[{"embeddable":true,"href":"https:\/\/ccci-bw.com\/index.php\/wp-json\/wp\/v2\/comments?post=32"}],"version-history":[{"count":12,"href":"https:\/\/ccci-bw.com\/index.php\/wp-json\/wp\/v2\/pages\/32\/revisions"}],"predecessor-version":[{"id":2761,"href":"https:\/\/ccci-bw.com\/index.php\/wp-json\/wp\/v2\/pages\/32\/revisions\/2761"}],"wp:featuredmedia":[{"embeddable":true,"href":"https:\/\/ccci-bw.com\/index.php\/wp-json\/wp\/v2\/media\/2727"}],"wp:attachment":[{"href":"https:\/\/ccci-bw.com\/index.php\/wp-json\/wp\/v2\/media?parent=32"}],"curies":[{"name":"wp","href":"https:\/\/api.w.org\/{rel}","templated":true}]}}