{"id":2498,"date":"2023-03-01T23:28:45","date_gmt":"2023-03-01T23:28:45","guid":{"rendered":"https:\/\/ccci-bw.com\/?page_id=2498"},"modified":"2024-10-01T14:10:39","modified_gmt":"2024-10-01T14:10:39","slug":"qui-sommes-nous","status":"publish","type":"page","link":"https:\/\/ccci-bw.com\/index.php\/qui-sommes-nous\/","title":{"rendered":"Qui sommes nous ?"},"content":{"rendered":"\t\t<div data-elementor-type=\"wp-page\" data-elementor-id=\"2498\" class=\"elementor elementor-2498\">\n\t\t\t\t\t\t\t\t\t<section class=\"elementor-section elementor-top-section elementor-element elementor-element-1ea35fb6 elementor-section-stretched elementor-section-full_width elementor-section-height-default elementor-section-height-default\" data-id=\"1ea35fb6\" data-element_type=\"section\" data-settings=\"{&quot;stretch_section&quot;:&quot;section-stretched&quot;,&quot;_ha_eqh_enable&quot;:false}\">\n\t\t\t\t\t\t<div class=\"elementor-container elementor-column-gap-no\">\n\t\t\t\t\t<div class=\"elementor-column elementor-col-100 elementor-top-column elementor-element elementor-element-753f92e6\" data-id=\"753f92e6\" data-element_type=\"column\">\n\t\t\t<div class=\"elementor-widget-wrap elementor-element-populated\">\n\t\t\t\t\t\t\t\t<div class=\"elementor-element elementor-element-45ef5e1b elementor-widget elementor-widget-helpo_content_slider\" data-id=\"45ef5e1b\" data-element_type=\"widget\" data-widget_type=\"helpo_content_slider.default\">\n\t\t\t\t<div class=\"elementor-widget-container\">\n\t\t\t\n        <div class=\"helpo_content_slider_widget\">\n            <div class=\"helpo_content_slider_wrapper helpo_view_type_1\">\n\n                <div class=\"helpo_content_slider helpo_slider_slick\" data-slider-options=\"{&quot;pauseOnHover&quot;:true,&quot;autoplay&quot;:false,&quot;infinite&quot;:true,&quot;speed&quot;:1200,&quot;rtl&quot;:false}\">\n                                            <div class=\"helpo_content_slide elementor-repeater-item-711ffbb\" style=\"background: url('http:\/\/ccci-bw.com\/wp-content\/uploads\/2023\/03\/blackbusiness_1_1.jpg')\">\n\n\n                                                            <div class=\"container helpo_full_cont\">\n                                    <div class=\"row helpo_full_cont\">\n                                        <div class=\"col-12 helpo_full_cont\">\n                                            \n                                            <div class=\"helpo_content_slide_wrapper\">\n                                                <div class=\"helpo_content_container\">\n                                                                                                            <div class=\"helpo_content_wrapper_1\">\n                                                            <h2 class=\"helpo_content_slider_title\">\n                                                                QUI SOMMES NOUS ?                                                                 <span><\/span>\n                                                            <\/h2>\n                                                        <\/div>\n                                                                                                                <div class=\"helpo_content_wrapper_3\">\n                                                            <a class=\"helpo_button helpo_button--primary\" href=\"#mission_2\" target=\"_blank\">En savoir plus <\/a>\n                                                        <\/div>\n                                                                                                        <\/div>\n                                            <\/div>\n\n                                                                                    <\/div>\n                                    <\/div>\n                                <\/div>\n                                                        <\/div>\n                                        <\/div>\n\n                <!-- Slider Navigation -->\n                \n                                <div class=\"helpo_causes_slider_navigation_container\">\n                                    <div class=\"helpo_slider_counter\"><\/div>\n\n                                    <div class=\"helpo_slider_arrows\">\n                                        <div class=\"helpo_slider_nav_button helpo_prev\">\n                                            <i class=\"fa fa-chevron-left\"><\/i>\n                                        <\/div>\n\n                                        <div class=\"helpo_slider_nav_button helpo_next\">\n                                            <i class=\"fa fa-chevron-right\"><\/i>\n                                        <\/div>\n                                    <\/div>\n                                <\/div>\n\n                                \n                                    <div class=\"helpo_additional_fields_container\">\n                                            <\/div>\n                                <\/div>\n        <\/div>\n        \t\t<\/div>\n\t\t\t\t<\/div>\n\t\t\t\t\t<\/div>\n\t\t<\/div>\n\t\t\t\t\t\t\t<\/div>\n\t\t<\/section>\n\t\t\t\t<section class=\"elementor-section elementor-top-section elementor-element elementor-element-6c0b465e elementor-section-stretched elementor-section-boxed elementor-section-height-default elementor-section-height-default\" data-id=\"6c0b465e\" data-element_type=\"section\" id=\"about\" data-settings=\"{&quot;stretch_section&quot;:&quot;section-stretched&quot;,&quot;background_background&quot;:&quot;classic&quot;,&quot;_ha_eqh_enable&quot;:false}\">\n\t\t\t\t\t\t<div class=\"elementor-container elementor-column-gap-default\">\n\t\t\t\t\t<div class=\"elementor-column elementor-col-50 elementor-top-column elementor-element elementor-element-4bcde959\" data-id=\"4bcde959\" data-element_type=\"column\">\n\t\t\t<div class=\"elementor-widget-wrap elementor-element-populated\">\n\t\t\t\t\t\t\t\t<div class=\"elementor-element elementor-element-d735aca elementor-widget elementor-widget-menu-anchor\" data-id=\"d735aca\" data-element_type=\"widget\" data-widget_type=\"menu-anchor.default\">\n\t\t\t\t<div class=\"elementor-widget-container\">\n\t\t\t<style>\/*! elementor - v3.12.1 - 02-04-2023 *\/\nbody.elementor-page .elementor-widget-menu-anchor{margin-bottom:0}<\/style>\t\t<div id=\"mission_2\" class=\"elementor-menu-anchor\"><\/div>\n\t\t\t\t<\/div>\n\t\t\t\t<\/div>\n\t\t\t\t<div class=\"elementor-element elementor-element-62cc614f elementor-widget elementor-widget-helpo_heading\" data-id=\"62cc614f\" data-element_type=\"widget\" data-widget_type=\"helpo_heading.default\">\n\t\t\t\t<div class=\"elementor-widget-container\">\n\t\t\t\n        <div class=\"helpo_heading_widget\">\n                                <div class=\"helpo_up_heading\">About Us<\/div>\n                                    <h2 class=\"helpo_heading\">\n\n                                             <span>Notre mission<\/span>\n                                        <\/h2>\n                        <\/div>\n        \t\t<\/div>\n\t\t\t\t<\/div>\n\t\t\t\t<div class=\"elementor-element elementor-element-8a50eb1 elementor-widget-tablet__width-initial elementor-widget elementor-widget-text-editor\" data-id=\"8a50eb1\" data-element_type=\"widget\" data-widget_type=\"text-editor.default\">\n\t\t\t\t<div class=\"elementor-widget-container\">\n\t\t\t<style>\/*! elementor - v3.12.1 - 02-04-2023 *\/\n.elementor-widget-text-editor.elementor-drop-cap-view-stacked .elementor-drop-cap{background-color:#69727d;color:#fff}.elementor-widget-text-editor.elementor-drop-cap-view-framed .elementor-drop-cap{color:#69727d;border:3px solid;background-color:transparent}.elementor-widget-text-editor:not(.elementor-drop-cap-view-default) .elementor-drop-cap{margin-top:8px}.elementor-widget-text-editor:not(.elementor-drop-cap-view-default) .elementor-drop-cap-letter{width:1em;height:1em}.elementor-widget-text-editor .elementor-drop-cap{float:left;text-align:center;line-height:1;font-size:50px}.elementor-widget-text-editor .elementor-drop-cap-letter{display:inline-block}<\/style>\t\t\t\t<p>La CCCI BW\u00a0 est la chambre des Cultures, du Commerces et de L&#8217;industrie du monde noir. Elle accompagne\u00a0 le d\u00e9veloppement des entreprises panafricaine et des territoires d\u00e9centralis\u00e9es du continent ,\u00a0 par la mise \u00e0 disposition de l\u2019information et des ressources\u00a0 n\u00e9cessaire \u00e0\u00a0 la r\u00e9ussite des programmes de d\u00e9veloppement qu&#8217;elle promeut\u00a0 .<\/p><p>La CCCI BW\u00a0 ouvre la porte du monde aux personnes d\u2019ascendance africaine, traditionnellement tr\u00e8s entrav\u00e9es et ins\u00e9curis\u00e9es dans leur\u00a0 possibilit\u00e9 d\u2019exploration \u00e9conomique \u00e0 l\u2019international et apporte un soutiens crucial aux\u00a0 r\u00e9gions d\u00e9centralis\u00e9es du continent africain en leur offrant un appui complet pour stimuler leur d\u00e9veloppement \u00e9conomique et social, et les int\u00e9grer dans les circuits mondiaux de commerce et d&#8217;investissement. .<\/p><p>La structure offre ainsi un cadre structur\u00e9 et structurant au monde afro descendant brisant alors les contraintes informationnels\u00a0 et relationnels pour\u00a0 une \u00e9galit\u00e9 des chances r\u00e9elles et une collaboration \u00e9quitable avec le reste du monde.<\/p>\t\t\t\t\t\t<\/div>\n\t\t\t\t<\/div>\n\t\t\t\t\t<\/div>\n\t\t<\/div>\n\t\t\t\t<div class=\"elementor-column elementor-col-50 elementor-top-column elementor-element elementor-element-cd5096c\" data-id=\"cd5096c\" data-element_type=\"column\">\n\t\t\t<div class=\"elementor-widget-wrap elementor-element-populated\">\n\t\t\t\t\t\t\t\t<div class=\"elementor-element elementor-element-3b36e90 elementor-widget elementor-widget-helpo_heading\" data-id=\"3b36e90\" data-element_type=\"widget\" data-widget_type=\"helpo_heading.default\">\n\t\t\t\t<div class=\"elementor-widget-container\">\n\t\t\t\n        <div class=\"helpo_heading_widget\">\n                                <div class=\"helpo_up_heading\">About Us<\/div>\n                                    <h2 class=\"helpo_heading\">\n\n                                             <span>Notre vision<\/span>\n                                        <\/h2>\n                        <\/div>\n        \t\t<\/div>\n\t\t\t\t<\/div>\n\t\t\t\t<div class=\"elementor-element elementor-element-4cb2980 elementor-widget elementor-widget-text-editor\" data-id=\"4cb2980\" data-element_type=\"widget\" data-widget_type=\"text-editor.default\">\n\t\t\t\t<div class=\"elementor-widget-container\">\n\t\t\t\t\t\t\t<p><strong>Cr\u00e9er<\/strong> de v\u00e9ritables pont de solidarit\u00e9s \u00e9conomiques entre la diaspora , l\u2019Afrique et ses partenaires<\/p><p><strong>Contribuer<\/strong> au d\u00e9veloppement du paradigme \u00e9conomique africain<\/p><p><strong>Contribuer<\/strong> au d\u00e9veloppement d\u2019un capital humain afro descendant d\u2019excellence<\/p><p><strong>Faire \u00e9merger\u00a0 un maximum d\u2019acteur dans des secteurs d&#8217;activit\u00e9 \u00e0 fort potentiel de d\u00e9veloppement<\/strong><\/p>\t\t\t\t\t\t<\/div>\n\t\t\t\t<\/div>\n\t\t\t\t\t<\/div>\n\t\t<\/div>\n\t\t\t\t\t\t\t<\/div>\n\t\t<\/section>\n\t\t\t\t<section class=\"elementor-section elementor-top-section elementor-element elementor-element-50db8c1d elementor-section-stretched elementor-section-boxed elementor-section-height-default elementor-section-height-default\" data-id=\"50db8c1d\" data-element_type=\"section\" data-settings=\"{&quot;stretch_section&quot;:&quot;section-stretched&quot;,&quot;_ha_eqh_enable&quot;:false}\">\n\t\t\t\t\t\t<div class=\"elementor-container elementor-column-gap-default\">\n\t\t\t\t\t<div class=\"elementor-column elementor-col-100 elementor-top-column elementor-element elementor-element-25307e10\" data-id=\"25307e10\" data-element_type=\"column\">\n\t\t\t<div class=\"elementor-widget-wrap elementor-element-populated\">\n\t\t\t\t\t\t\t\t<div class=\"elementor-element elementor-element-6dd1024f elementor-widget elementor-widget-helpo_heading\" data-id=\"6dd1024f\" data-element_type=\"widget\" data-widget_type=\"helpo_heading.default\">\n\t\t\t\t<div class=\"elementor-widget-container\">\n\t\t\t\n        <div class=\"helpo_heading_widget\">\n                                <div class=\"helpo_up_heading\"><\/div>\n                                    <h2 class=\"helpo_heading\">\n\n                                             <span>Nos partenaires <\/span>\n                                        <\/h2>\n                        <\/div>\n        \t\t<\/div>\n\t\t\t\t<\/div>\n\t\t\t\t<section class=\"elementor-section elementor-inner-section elementor-element elementor-element-66e87403 elementor-section-boxed elementor-section-height-default elementor-section-height-default\" data-id=\"66e87403\" data-element_type=\"section\" data-settings=\"{&quot;_ha_eqh_enable&quot;:false}\">\n\t\t\t\t\t\t<div class=\"elementor-container elementor-column-gap-default\">\n\t\t\t\t\t<div class=\"elementor-column elementor-col-20 elementor-inner-column elementor-element elementor-element-25ffef55\" data-id=\"25ffef55\" data-element_type=\"column\">\n\t\t\t<div class=\"elementor-widget-wrap elementor-element-populated\">\n\t\t\t\t\t\t\t\t<div class=\"elementor-element elementor-element-d6002ea elementor-widget elementor-widget-image\" data-id=\"d6002ea\" data-element_type=\"widget\" data-widget_type=\"image.default\">\n\t\t\t\t<div class=\"elementor-widget-container\">\n\t\t\t<style>\/*! elementor - v3.12.1 - 02-04-2023 *\/\n.elementor-widget-image{text-align:center}.elementor-widget-image a{display:inline-block}.elementor-widget-image a img[src$=\".svg\"]{width:48px}.elementor-widget-image img{vertical-align:middle;display:inline-block}<\/style>\t\t\t\t\t\t\t\t\t\t\t\t<img decoding=\"async\" width=\"500\" height=\"212\" src=\"https:\/\/ccci-bw.com\/wp-content\/uploads\/2023\/03\/new-logo-enea-def-MINI.png\" class=\"attachment-large size-large wp-image-2574\" alt=\"\" loading=\"lazy\" srcset=\"https:\/\/ccci-bw.com\/wp-content\/uploads\/2023\/03\/new-logo-enea-def-MINI.png 500w, https:\/\/ccci-bw.com\/wp-content\/uploads\/2023\/03\/new-logo-enea-def-MINI-300x127.png 300w\" sizes=\"(max-width: 500px) 100vw, 500px\" \/>\t\t\t\t\t\t\t\t\t\t\t\t\t\t\t<\/div>\n\t\t\t\t<\/div>\n\t\t\t\t\t<\/div>\n\t\t<\/div>\n\t\t\t\t<div class=\"elementor-column elementor-col-20 elementor-inner-column elementor-element elementor-element-4f4b36c4\" data-id=\"4f4b36c4\" data-element_type=\"column\">\n\t\t\t<div class=\"elementor-widget-wrap elementor-element-populated\">\n\t\t\t\t\t\t\t\t<div class=\"elementor-element elementor-element-9c6bdb0 elementor-widget elementor-widget-image\" data-id=\"9c6bdb0\" data-element_type=\"widget\" data-widget_type=\"image.default\">\n\t\t\t\t<div class=\"elementor-widget-container\">\n\t\t\t\t\t\t\t\t\t\t\t\t\t\t\t\t<a href=\"https:\/\/eneaclub.com\/\">\n\t\t\t\t\t\t\t<img decoding=\"async\" width=\"950\" height=\"230\" src=\"https:\/\/ccci-bw.com\/wp-content\/uploads\/2023\/03\/ENEA-LOGO-ENTIER.png\" class=\"attachment-large size-large wp-image-2562\" alt=\"\" loading=\"lazy\" srcset=\"https:\/\/ccci-bw.com\/wp-content\/uploads\/2023\/03\/ENEA-LOGO-ENTIER.png 950w, https:\/\/ccci-bw.com\/wp-content\/uploads\/2023\/03\/ENEA-LOGO-ENTIER-600x145.png 600w, https:\/\/ccci-bw.com\/wp-content\/uploads\/2023\/03\/ENEA-LOGO-ENTIER-300x73.png 300w, https:\/\/ccci-bw.com\/wp-content\/uploads\/2023\/03\/ENEA-LOGO-ENTIER-768x186.png 768w\" sizes=\"(max-width: 950px) 100vw, 950px\" \/>\t\t\t\t\t\t\t\t<\/a>\n\t\t\t\t\t\t\t\t\t\t\t\t\t\t\t<\/div>\n\t\t\t\t<\/div>\n\t\t\t\t\t<\/div>\n\t\t<\/div>\n\t\t\t\t<div class=\"elementor-column elementor-col-20 elementor-inner-column elementor-element elementor-element-e2c4b3a\" data-id=\"e2c4b3a\" data-element_type=\"column\">\n\t\t\t<div class=\"elementor-widget-wrap elementor-element-populated\">\n\t\t\t\t\t\t\t\t<div class=\"elementor-element elementor-element-47177ac elementor-widget elementor-widget-image\" data-id=\"47177ac\" data-element_type=\"widget\" data-widget_type=\"image.default\">\n\t\t\t\t<div class=\"elementor-widget-container\">\n\t\t\t\t\t\t\t\t\t\t\t\t\t\t\t\t<a href=\"https:\/\/www.linkedin.com\/company\/isaf-consortium\/?viewAsMember=true\">\n\t\t\t\t\t\t\t<img decoding=\"async\" width=\"252\" height=\"116\" src=\"https:\/\/ccci-bw.com\/wp-content\/uploads\/2024\/07\/8279e873-7128-4d69-a45b-b7fdaf1189ab.png\" class=\"attachment-large size-large wp-image-4058\" alt=\"\" loading=\"lazy\" \/>\t\t\t\t\t\t\t\t<\/a>\n\t\t\t\t\t\t\t\t\t\t\t\t\t\t\t<\/div>\n\t\t\t\t<\/div>\n\t\t\t\t\t<\/div>\n\t\t<\/div>\n\t\t\t\t<div class=\"elementor-column elementor-col-20 elementor-inner-column elementor-element elementor-element-3037e2c6\" data-id=\"3037e2c6\" data-element_type=\"column\">\n\t\t\t<div class=\"elementor-widget-wrap elementor-element-populated\">\n\t\t\t\t\t\t\t\t<div class=\"elementor-element elementor-element-9b6adb3 elementor-widget-tablet__width-initial elementor-widget elementor-widget-image\" data-id=\"9b6adb3\" data-element_type=\"widget\" data-widget_type=\"image.default\">\n\t\t\t\t<div class=\"elementor-widget-container\">\n\t\t\t\t\t\t\t\t\t\t\t\t\t\t\t\t<a href=\"https:\/\/womenbuildingafrica.com\/\">\n\t\t\t\t\t\t\t<img decoding=\"async\" width=\"1024\" height=\"782\" src=\"https:\/\/ccci-bw.com\/wp-content\/uploads\/2023\/03\/COUV-PROG-WBA-1024x782.png\" class=\"attachment-large size-large wp-image-2561\" alt=\"\" loading=\"lazy\" srcset=\"https:\/\/ccci-bw.com\/wp-content\/uploads\/2023\/03\/COUV-PROG-WBA-1024x782.png 1024w, https:\/\/ccci-bw.com\/wp-content\/uploads\/2023\/03\/COUV-PROG-WBA-600x458.png 600w, https:\/\/ccci-bw.com\/wp-content\/uploads\/2023\/03\/COUV-PROG-WBA-300x229.png 300w, https:\/\/ccci-bw.com\/wp-content\/uploads\/2023\/03\/COUV-PROG-WBA-768x587.png 768w, https:\/\/ccci-bw.com\/wp-content\/uploads\/2023\/03\/COUV-PROG-WBA-1536x1173.png 1536w, https:\/\/ccci-bw.com\/wp-content\/uploads\/2023\/03\/COUV-PROG-WBA-2048x1564.png 2048w\" sizes=\"(max-width: 1024px) 100vw, 1024px\" \/>\t\t\t\t\t\t\t\t<\/a>\n\t\t\t\t\t\t\t\t\t\t\t\t\t\t\t<\/div>\n\t\t\t\t<\/div>\n\t\t\t\t\t<\/div>\n\t\t<\/div>\n\t\t\t\t<div class=\"elementor-column elementor-col-20 elementor-inner-column elementor-element elementor-element-10331828\" data-id=\"10331828\" data-element_type=\"column\">\n\t\t\t<div class=\"elementor-widget-wrap elementor-element-populated\">\n\t\t\t\t\t\t\t\t<div class=\"elementor-element elementor-element-1734e87 elementor-widget-tablet__width-initial elementor-widget elementor-widget-image\" data-id=\"1734e87\" data-element_type=\"widget\" data-widget_type=\"image.default\">\n\t\t\t\t<div class=\"elementor-widget-container\">\n\t\t\t\t\t\t\t\t\t\t\t\t\t\t\t\t<a href=\"https:\/\/rahizi.org\/\">\n\t\t\t\t\t\t\t<img decoding=\"async\" width=\"512\" height=\"512\" src=\"https:\/\/ccci-bw.com\/wp-content\/uploads\/2024\/07\/cropped-RAHIZI-LOGOTYPE-2.png\" class=\"attachment-large size-large wp-image-4048\" alt=\"\" loading=\"lazy\" srcset=\"https:\/\/ccci-bw.com\/wp-content\/uploads\/2024\/07\/cropped-RAHIZI-LOGOTYPE-2.png 512w, https:\/\/ccci-bw.com\/wp-content\/uploads\/2024\/07\/cropped-RAHIZI-LOGOTYPE-2-300x300.png 300w, https:\/\/ccci-bw.com\/wp-content\/uploads\/2024\/07\/cropped-RAHIZI-LOGOTYPE-2-150x150.png 150w, https:\/\/ccci-bw.com\/wp-content\/uploads\/2024\/07\/cropped-RAHIZI-LOGOTYPE-2-100x100.png 100w\" sizes=\"(max-width: 512px) 100vw, 512px\" \/>\t\t\t\t\t\t\t\t<\/a>\n\t\t\t\t\t\t\t\t\t\t\t\t\t\t\t<\/div>\n\t\t\t\t<\/div>\n\t\t\t\t\t<\/div>\n\t\t<\/div>\n\t\t\t\t\t\t\t<\/div>\n\t\t<\/section>\n\t\t\t\t<section class=\"elementor-section elementor-inner-section elementor-element elementor-element-d953157 elementor-section-boxed elementor-section-height-default elementor-section-height-default\" data-id=\"d953157\" data-element_type=\"section\" data-settings=\"{&quot;_ha_eqh_enable&quot;:false}\">\n\t\t\t\t\t\t<div class=\"elementor-container elementor-column-gap-default\">\n\t\t\t\t\t<div class=\"elementor-column elementor-col-20 elementor-inner-column elementor-element elementor-element-2226830\" data-id=\"2226830\" data-element_type=\"column\">\n\t\t\t<div class=\"elementor-widget-wrap elementor-element-populated\">\n\t\t\t\t\t\t\t\t<div class=\"elementor-element elementor-element-c8a947a elementor-widget elementor-widget-image\" data-id=\"c8a947a\" data-element_type=\"widget\" data-widget_type=\"image.default\">\n\t\t\t\t<div class=\"elementor-widget-container\">\n\t\t\t\t\t\t\t\t\t\t\t\t\t\t\t\t<a href=\"https:\/\/pms-management.com\/\">\n\t\t\t\t\t\t\t<img decoding=\"async\" width=\"317\" height=\"135\" src=\"https:\/\/ccci-bw.com\/wp-content\/uploads\/2024\/07\/d92fd4a8-ea29-4111-a8cd-ceaac3ce0781.png\" class=\"attachment-large size-large wp-image-4059\" alt=\"\" loading=\"lazy\" srcset=\"https:\/\/ccci-bw.com\/wp-content\/uploads\/2024\/07\/d92fd4a8-ea29-4111-a8cd-ceaac3ce0781.png 317w, https:\/\/ccci-bw.com\/wp-content\/uploads\/2024\/07\/d92fd4a8-ea29-4111-a8cd-ceaac3ce0781-300x128.png 300w\" sizes=\"(max-width: 317px) 100vw, 317px\" \/>\t\t\t\t\t\t\t\t<\/a>\n\t\t\t\t\t\t\t\t\t\t\t\t\t\t\t<\/div>\n\t\t\t\t<\/div>\n\t\t\t\t\t<\/div>\n\t\t<\/div>\n\t\t\t\t<div class=\"elementor-column elementor-col-20 elementor-inner-column elementor-element elementor-element-c4727c2\" data-id=\"c4727c2\" data-element_type=\"column\">\n\t\t\t<div class=\"elementor-widget-wrap elementor-element-populated\">\n\t\t\t\t\t\t\t\t<div class=\"elementor-element elementor-element-0f99447 elementor-widget elementor-widget-image\" data-id=\"0f99447\" data-element_type=\"widget\" data-widget_type=\"image.default\">\n\t\t\t\t<div class=\"elementor-widget-container\">\n\t\t\t\t\t\t\t\t\t\t\t\t\t\t\t\t<a href=\"https:\/\/ngc-world.com\/\">\n\t\t\t\t\t\t\t<img decoding=\"async\" width=\"435\" height=\"137\" src=\"https:\/\/ccci-bw.com\/wp-content\/uploads\/2024\/07\/Copie-de-ngc-logo-1-1.png\" class=\"attachment-large size-large wp-image-4053\" alt=\"\" loading=\"lazy\" srcset=\"https:\/\/ccci-bw.com\/wp-content\/uploads\/2024\/07\/Copie-de-ngc-logo-1-1.png 435w, https:\/\/ccci-bw.com\/wp-content\/uploads\/2024\/07\/Copie-de-ngc-logo-1-1-300x94.png 300w\" sizes=\"(max-width: 435px) 100vw, 435px\" \/>\t\t\t\t\t\t\t\t<\/a>\n\t\t\t\t\t\t\t\t\t\t\t\t\t\t\t<\/div>\n\t\t\t\t<\/div>\n\t\t\t\t\t<\/div>\n\t\t<\/div>\n\t\t\t\t<div class=\"elementor-column elementor-col-20 elementor-inner-column elementor-element elementor-element-d197ea3\" data-id=\"d197ea3\" data-element_type=\"column\">\n\t\t\t<div class=\"elementor-widget-wrap elementor-element-populated\">\n\t\t\t\t\t\t\t\t\t<\/div>\n\t\t<\/div>\n\t\t\t\t<div class=\"elementor-column elementor-col-20 elementor-inner-column elementor-element elementor-element-edae862\" data-id=\"edae862\" data-element_type=\"column\">\n\t\t\t<div class=\"elementor-widget-wrap elementor-element-populated\">\n\t\t\t\t\t\t\t\t\t<\/div>\n\t\t<\/div>\n\t\t\t\t<div class=\"elementor-column elementor-col-20 elementor-inner-column elementor-element elementor-element-bc1a3b1\" data-id=\"bc1a3b1\" data-element_type=\"column\">\n\t\t\t<div class=\"elementor-widget-wrap\">\n\t\t\t\t\t\t\t\t\t<\/div>\n\t\t<\/div>\n\t\t\t\t\t\t\t<\/div>\n\t\t<\/section>\n\t\t\t\t\t<\/div>\n\t\t<\/div>\n\t\t\t\t\t\t\t<\/div>\n\t\t<\/section>\n\t\t\t\t\t\t\t<\/div>\n\t\t","protected":false},"excerpt":{"rendered":"<p>La CCCI BW\u00a0 est la chambre des Cultures, du Commerces et de L&#8217;industrie du monde noir. Elle accompagne\u00a0 le d\u00e9veloppement des entreprises panafricaine et des territoires d\u00e9centralis\u00e9es du continent ,\u00a0 par la mise \u00e0 disposition de l\u2019information et des ressources\u00a0 n\u00e9cessaire \u00e0\u00a0 la r\u00e9ussite des programmes de d\u00e9veloppement qu&#8217;elle promeut\u00a0 . La CCCI BW\u00a0 ouvre [&hellip;]<\/p>\n","protected":false},"author":1,"featured_media":0,"parent":0,"menu_order":0,"comment_status":"closed","ping_status":"closed","template":"","meta":{"_eb_attr":""},"_links":{"self":[{"href":"https:\/\/ccci-bw.com\/index.php\/wp-json\/wp\/v2\/pages\/2498"}],"collection":[{"href":"https:\/\/ccci-bw.com\/index.php\/wp-json\/wp\/v2\/pages"}],"about":[{"href":"https:\/\/ccci-bw.com\/index.php\/wp-json\/wp\/v2\/types\/page"}],"author":[{"embeddable":true,"href":"https:\/\/ccci-bw.com\/index.php\/wp-json\/wp\/v2\/users\/1"}],"replies":[{"embeddable":true,"href":"https:\/\/ccci-bw.com\/index.php\/wp-json\/wp\/v2\/comments?post=2498"}],"version-history":[{"count":95,"href":"https:\/\/ccci-bw.com\/index.php\/wp-json\/wp\/v2\/pages\/2498\/revisions"}],"predecessor-version":[{"id":4337,"href":"https:\/\/ccci-bw.com\/index.php\/wp-json\/wp\/v2\/pages\/2498\/revisions\/4337"}],"wp:attachment":[{"href":"https:\/\/ccci-bw.com\/index.php\/wp-json\/wp\/v2\/media?parent=2498"}],"curies":[{"name":"wp","href":"https:\/\/api.w.org\/{rel}","templated":true}]}}